{"id":25,"date":"2021-05-07T04:26:08","date_gmt":"2021-05-07T04:26:08","guid":{"rendered":"https:\/\/goofy-sammet.94-130-144-123.plesk.page\/?page_id=25"},"modified":"2023-12-01T10:26:47","modified_gmt":"2023-12-01T10:26:47","slug":"home","status":"publish","type":"page","link":"https:\/\/goofy-sammet.94-130-144-123.plesk.page\/","title":{"rendered":"Home"},"content":{"rendered":"\t\t<div data-elementor-type=\"wp-page\" data-elementor-id=\"25\" class=\"elementor elementor-25\" data-elementor-post-type=\"page\">\n\t\t\t\t\t\t\t\t\t<section class=\"elementor-section elementor-top-section elementor-element elementor-element-aaca39f elementor-section-height-min-height elementor-section-boxed elementor-section-height-default elementor-section-items-middle\" data-id=\"aaca39f\" data-element_type=\"section\" data-settings=\"{&quot;background_background&quot;:&quot;classic&quot;}\">\n\t\t\t\t\t\t\t<div class=\"elementor-background-overlay\"><\/div>\n\t\t\t\t\t\t\t<div class=\"elementor-container elementor-column-gap-no\">\n\t\t\t\t\t<div class=\"elementor-column elementor-col-100 elementor-top-column elementor-element elementor-element-71d8944\" data-id=\"71d8944\" data-element_type=\"column\">\n\t\t\t<div class=\"elementor-widget-wrap elementor-element-populated\">\n\t\t\t\t\t\t\t\t<div class=\"elementor-element elementor-element-91bf6ac elementor-widget elementor-widget-heading\" data-id=\"91bf6ac\" data-element_type=\"widget\" data-widget_type=\"heading.default\">\n\t\t\t\t<div class=\"elementor-widget-container\">\n\t\t\t<style>\/*! elementor - v3.17.0 - 01-11-2023 *\/\n.elementor-heading-title{padding:0;margin:0;line-height:1}.elementor-widget-heading .elementor-heading-title[class*=elementor-size-]>a{color:inherit;font-size:inherit;line-height:inherit}.elementor-widget-heading .elementor-heading-title.elementor-size-small{font-size:15px}.elementor-widget-heading .elementor-heading-title.elementor-size-medium{font-size:19px}.elementor-widget-heading .elementor-heading-title.elementor-size-large{font-size:29px}.elementor-widget-heading .elementor-heading-title.elementor-size-xl{font-size:39px}.elementor-widget-heading .elementor-heading-title.elementor-size-xxl{font-size:59px}<\/style><h6 class=\"elementor-heading-title elementor-size-default\">\u0150rz\u00e9s-v\u00e9delem, rendezv\u00e9nybiztos\u00edt\u00e1s<\/h6>\t\t<\/div>\n\t\t\t\t<\/div>\n\t\t\t\t<div class=\"elementor-element elementor-element-32d7464 elementor-widget elementor-widget-heading\" data-id=\"32d7464\" data-element_type=\"widget\" data-widget_type=\"heading.default\">\n\t\t\t\t<div class=\"elementor-widget-container\">\n\t\t\t<h1 class=\"elementor-heading-title elementor-size-default\">KOEN<br>Security<\/h1>\t\t<\/div>\n\t\t\t\t<\/div>\n\t\t\t\t<div class=\"elementor-element elementor-element-52015fc elementor-widget elementor-widget-text-editor\" data-id=\"52015fc\" data-element_type=\"widget\" data-widget_type=\"text-editor.default\">\n\t\t\t\t<div class=\"elementor-widget-container\">\n\t\t\t<style>\/*! elementor - v3.17.0 - 01-11-2023 *\/\n.elementor-widget-text-editor.elementor-drop-cap-view-stacked .elementor-drop-cap{background-color:#69727d;color:#fff}.elementor-widget-text-editor.elementor-drop-cap-view-framed .elementor-drop-cap{color:#69727d;border:3px solid;background-color:transparent}.elementor-widget-text-editor:not(.elementor-drop-cap-view-default) .elementor-drop-cap{margin-top:8px}.elementor-widget-text-editor:not(.elementor-drop-cap-view-default) .elementor-drop-cap-letter{width:1em;height:1em}.elementor-widget-text-editor .elementor-drop-cap{float:left;text-align:center;line-height:1;font-size:50px}.elementor-widget-text-editor .elementor-drop-cap-letter{display:inline-block}<\/style>\t\t\t\t<p>Proakt\u00edv hozz\u00e1\u00e1ll\u00e1s a biztons\u00e1gi incidensek megel\u0151z\u00e9se \u00e9rdek\u00e9ben.<\/p>\t\t\t\t\t\t<\/div>\n\t\t\t\t<\/div>\n\t\t\t\t\t<\/div>\n\t\t<\/div>\n\t\t\t\t\t\t\t<\/div>\n\t\t<\/section>\n\t\t\t\t<section class=\"elementor-section elementor-top-section elementor-element elementor-element-76a20d3 elementor-section-boxed elementor-section-height-default elementor-section-height-default\" data-id=\"76a20d3\" data-element_type=\"section\" data-settings=\"{&quot;background_background&quot;:&quot;classic&quot;}\">\n\t\t\t\t\t\t<div class=\"elementor-container elementor-column-gap-no\">\n\t\t\t\t\t<div class=\"elementor-column elementor-col-50 elementor-top-column elementor-element elementor-element-989bfaa\" data-id=\"989bfaa\" data-element_type=\"column\">\n\t\t\t<div class=\"elementor-widget-wrap elementor-element-populated\">\n\t\t\t\t\t\t\t\t<div class=\"elementor-element elementor-element-d4e142b elementor-widget elementor-widget-heading\" data-id=\"d4e142b\" data-element_type=\"widget\" data-widget_type=\"heading.default\">\n\t\t\t\t<div class=\"elementor-widget-container\">\n\t\t\t<h2 class=\"elementor-heading-title elementor-size-default\">KOEN Security Biztons\u00e1gi Kft.<\/h2>\t\t<\/div>\n\t\t\t\t<\/div>\n\t\t\t\t<div class=\"elementor-element elementor-element-7bbcae9 elementor-widget elementor-widget-text-editor\" data-id=\"7bbcae9\" data-element_type=\"widget\" data-widget_type=\"text-editor.default\">\n\t\t\t\t<div class=\"elementor-widget-container\">\n\t\t\t\t\t\t\t<p>C\u00e9g\u00fcnk elk\u00f6telezett amellett, hogy \u00fcgyfeleink sz\u00e1m\u00e1ra a legmagasabb szint\u0171 biztons\u00e1got \u00e9s nyugalmat biztos\u00edtsa.<\/p>\t\t\t\t\t\t<\/div>\n\t\t\t\t<\/div>\n\t\t\t\t<div class=\"elementor-element elementor-element-ea369a8 elementor-widget elementor-widget-text-editor\" data-id=\"ea369a8\" data-element_type=\"widget\" data-widget_type=\"text-editor.default\">\n\t\t\t\t<div class=\"elementor-widget-container\">\n\t\t\t\t\t\t\t<p>\u00a0Sz\u00e9lesk\u00f6r\u0171 \u0151rz\u0151-v\u00e9d\u0151 szolg\u00e1ltat\u00e1saink a legkorszer\u0171bb technol\u00f3gi\u00e1kat \u00e9s m\u00f3dszereket \u00f6tv\u00f6zik a hagyom\u00e1nyos biztons\u00e1gi megold\u00e1sokkal, hogy minden helyzetben maxim\u00e1lis v\u00e9delmet ny\u00fajthassunk.<\/p>\t\t\t\t\t\t<\/div>\n\t\t\t\t<\/div>\n\t\t\t\t<div class=\"elementor-element elementor-element-a665af5 elementor-icon-list--layout-traditional elementor-list-item-link-full_width elementor-widget elementor-widget-icon-list\" data-id=\"a665af5\" data-element_type=\"widget\" data-widget_type=\"icon-list.default\">\n\t\t\t\t<div class=\"elementor-widget-container\">\n\t\t\t<link rel=\"stylesheet\" href=\"https:\/\/goofy-sammet.94-130-144-123.plesk.page\/wp-content\/plugins\/elementor\/assets\/css\/widget-icon-list.min.css\">\t\t<ul class=\"elementor-icon-list-items\">\n\t\t\t\t\t\t\t<li class=\"elementor-icon-list-item\">\n\t\t\t\t\t\t\t\t\t\t\t<span class=\"elementor-icon-list-icon\">\n\t\t\t\t\t\t\t<i aria-hidden=\"true\" class=\"fas fa-shield-alt\"><\/i>\t\t\t\t\t\t<\/span>\n\t\t\t\t\t\t\t\t\t\t<span class=\"elementor-icon-list-text\">Objektumv\u00e9delem<\/span>\n\t\t\t\t\t\t\t\t\t<\/li>\n\t\t\t\t\t\t\t\t<li class=\"elementor-icon-list-item\">\n\t\t\t\t\t\t\t\t\t\t\t<span class=\"elementor-icon-list-icon\">\n\t\t\t\t\t\t\t<i aria-hidden=\"true\" class=\"fas fa-user-secret\"><\/i>\t\t\t\t\t\t<\/span>\n\t\t\t\t\t\t\t\t\t\t<span class=\"elementor-icon-list-text\">Szem\u00e9lyv\u00e9delem<\/span>\n\t\t\t\t\t\t\t\t\t<\/li>\n\t\t\t\t\t\t\t\t<li class=\"elementor-icon-list-item\">\n\t\t\t\t\t\t\t\t\t\t\t<span class=\"elementor-icon-list-icon\">\n\t\t\t\t\t\t\t<i aria-hidden=\"true\" class=\"fas fa-video\"><\/i>\t\t\t\t\t\t<\/span>\n\t\t\t\t\t\t\t\t\t\t<span class=\"elementor-icon-list-text\">Technol\u00f3giai megold\u00e1sok<\/span>\n\t\t\t\t\t\t\t\t\t<\/li>\n\t\t\t\t\t\t<\/ul>\n\t\t\t\t<\/div>\n\t\t\t\t<\/div>\n\t\t\t\t\t<\/div>\n\t\t<\/div>\n\t\t\t\t<div class=\"elementor-column elementor-col-50 elementor-top-column elementor-element elementor-element-ebc19c0\" data-id=\"ebc19c0\" data-element_type=\"column\" data-settings=\"{&quot;background_background&quot;:&quot;classic&quot;}\">\n\t\t\t<div class=\"elementor-widget-wrap elementor-element-populated\">\n\t\t\t\t\t\t\t\t<div class=\"elementor-element elementor-element-5303bce elementor-widget__width-initial elementor-widget elementor-widget-text-editor\" data-id=\"5303bce\" data-element_type=\"widget\" data-widget_type=\"text-editor.default\">\n\t\t\t\t<div class=\"elementor-widget-container\">\n\t\t\t\t\t\t\t<p>1. Objektumv\u00e9delem<\/p><ul><li><span style=\"border: 0px solid #d9d9e3; --tw-border-spacing-x: 0; --tw-border-spacing-y: 0; --tw-translate-x: 0; --tw-translate-y: 0; --tw-rotate: 0; --tw-skew-x: 0; --tw-skew-y: 0; --tw-scale-x: 1; --tw-scale-y: 1; --tw-scroll-snap-strictness: proximity; --tw-ring-offset-width: 0px; --tw-ring-offset-color: #fff; --tw-ring-color: rgba(69,89,164,.5); --tw-ring-offset-shadow: 0 0 transparent; --tw-ring-shadow: 0 0 transparent; --tw-shadow: 0 0 transparent; --tw-shadow-colored: 0 0 transparent; font-weight: 600; color: var(--tw-prose-bold); margin-top: 1.25em; margin-bottom: 1.25em;\">Ipari l\u00e9tes\u00edtm\u00e9nyek v\u00e9delme:<\/span> Speci\u00e1lisan k\u00e9pzett \u0151r\u00f6kkel \u00e9s modern megfigyel\u0151 rendszerekkel biztos\u00edtjuk az ipari l\u00e9tes\u00edtm\u00e9nyek, gy\u00e1rak \u00e9s rakt\u00e1rak biztons\u00e1g\u00e1t.<\/li><li><span style=\"border: 0px solid #d9d9e3; --tw-border-spacing-x: 0; --tw-border-spacing-y: 0; --tw-translate-x: 0; --tw-translate-y: 0; --tw-rotate: 0; --tw-skew-x: 0; --tw-skew-y: 0; --tw-scale-x: 1; --tw-scale-y: 1; --tw-scroll-snap-strictness: proximity; --tw-ring-offset-width: 0px; --tw-ring-offset-color: #fff; --tw-ring-color: rgba(69,89,164,.5); --tw-ring-offset-shadow: 0 0 transparent; --tw-ring-shadow: 0 0 transparent; --tw-shadow: 0 0 transparent; --tw-shadow-colored: 0 0 transparent; font-weight: 600; color: var(--tw-prose-bold); margin-top: 1.25em; margin-bottom: 1.25em;\">Irodah\u00e1zak \u00e9s \u00fczleti k\u00f6zpontok \u0151rz\u00e9se:<\/span> Eleg\u00e1ns, j\u00f3l k\u00e9pzett szem\u00e9lyzettel garant\u00e1ljuk az irodah\u00e1zak \u00e9s \u00fczleti k\u00f6zpontok zavartalan m\u0171k\u00f6d\u00e9s\u00e9t.<\/li><\/ul><p>2. Szem\u00e9lyv\u00e9delem<\/p><ul><li><strong>VIP v\u00e9delem:<\/strong> Magas szint\u0171 szem\u00e9lyv\u00e9delmet biztos\u00edtunk \u00fczleti vezet\u0151k, h\u00edress\u00e9gek \u00e9s mag\u00e1nemberek sz\u00e1m\u00e1ra.<\/li><li><strong>Esem\u00e9nybiztos\u00edt\u00e1s:<\/strong> Rendezv\u00e9nyek, konferenci\u00e1k \u00e9s egy\u00e9b nagyobb esem\u00e9nyek teljes k\u00f6r\u0171 biztons\u00e1gi lebonyol\u00edt\u00e1sa.<\/li><\/ul><p>3. Technol\u00f3giai megold\u00e1sok<\/p><ul><li><strong>Kamerarendszerek telep\u00edt\u00e9se \u00e9s karbantart\u00e1sa:<\/strong> A legmodernebb megfigyel\u0151 technol\u00f3gi\u00e1k telep\u00edt\u00e9s\u00e9vel \u00e9s karbantart\u00e1s\u00e1val biztos\u00edtjuk k\u00fcl\u00f6nb\u00f6z\u0151 ingatlanok folyamatos megfigyel\u00e9s\u00e9t.<\/li><li><strong>Riaszt\u00f3rendszerek \u00e9s hozz\u00e1f\u00e9r\u00e9s-ellen\u0151rz\u00e9s:<\/strong> Egyedi ig\u00e9nyekre szabott riaszt\u00f3- \u00e9s bel\u00e9ptet\u0151 rendszerek tervez\u00e9se \u00e9s telep\u00edt\u00e9se.<\/li><\/ul>\t\t\t\t\t\t<\/div>\n\t\t\t\t<\/div>\n\t\t\t\t\t<\/div>\n\t\t<\/div>\n\t\t\t\t\t\t\t<\/div>\n\t\t<\/section>\n\t\t\t\t\t\t\t<\/div>\n\t\t","protected":false},"excerpt":{"rendered":"<p>\u0150rz\u00e9s-v\u00e9delem, rendezv\u00e9nybiztos\u00edt\u00e1s KOENSecurity Proakt\u00edv hozz\u00e1\u00e1ll\u00e1s a biztons\u00e1gi incidensek megel\u0151z\u00e9se \u00e9rdek\u00e9ben. KOEN Security Biztons\u00e1gi Kft. C\u00e9g\u00fcnk elk\u00f6telezett amellett, hogy \u00fcgyfeleink sz\u00e1m\u00e1ra a legmagasabb szint\u0171 biztons\u00e1got \u00e9s nyugalmat biztos\u00edtsa. \u00a0Sz\u00e9lesk\u00f6r\u0171 \u0151rz\u0151-v\u00e9d\u0151 szolg\u00e1ltat\u00e1saink a legkorszer\u0171bb technol\u00f3gi\u00e1kat \u00e9s m\u00f3dszereket \u00f6tv\u00f6zik a hagyom\u00e1nyos biztons\u00e1gi megold\u00e1sokkal, hogy minden helyzetben maxim\u00e1lis v\u00e9delmet ny\u00fajthassunk. Objektumv\u00e9delem Szem\u00e9lyv\u00e9delem Technol\u00f3giai megold\u00e1sok 1. Objektumv\u00e9delem Ipari l\u00e9tes\u00edtm\u00e9nyek v\u00e9delme: &hellip;<\/p>\n<p class=\"read-more\"> <a class=\"\" href=\"https:\/\/goofy-sammet.94-130-144-123.plesk.page\/\"> <span class=\"screen-reader-text\">Home<\/span> Read More &raquo;<\/a><\/p>\n","protected":false},"author":1,"featured_media":0,"parent":0,"menu_order":0,"comment_status":"closed","ping_status":"closed","template":"","meta":{"site-sidebar-layout":"no-sidebar","site-content-layout":"page-builder","ast-site-content-layout":"","site-content-style":"default","site-sidebar-style":"default","ast-global-header-display":"","ast-banner-title-visibility":"","ast-main-header-display":"","ast-hfb-above-header-display":"","ast-hfb-below-header-display":"","ast-hfb-mobile-header-display":"","site-post-title":"disabled","ast-breadcrumbs-content":"disabled","ast-featured-img":"disabled","footer-sml-layout":"","theme-transparent-header-meta":"enabled","adv-header-id-meta":"","stick-header-meta":"","header-above-stick-meta":"","header-main-stick-meta":"","header-below-stick-meta":"","astra-migrate-meta-layouts":"","ast-page-background-enabled":"default","ast-page-background-meta":{"desktop":{"background-color":"","background-image":"","background-repeat":"repeat","background-position":"center center","background-size":"auto","background-attachment":"scroll","background-type":"","background-media":"","overlay-type":"","overlay-color":"","overlay-gradient":""},"tablet":{"background-color":"","background-image":"","background-repeat":"repeat","background-position":"center center","background-size":"auto","background-attachment":"scroll","background-type":"","background-media":"","overlay-type":"","overlay-color":"","overlay-gradient":""},"mobile":{"background-color":"","background-image":"","background-repeat":"repeat","background-position":"center center","background-size":"auto","background-attachment":"scroll","background-type":"","background-media":"","overlay-type":"","overlay-color":"","overlay-gradient":""}},"ast-content-background-meta":{"desktop":{"background-color":"var(--ast-global-color-5)","background-image":"","background-repeat":"repeat","background-position":"center center","background-size":"auto","background-attachment":"scroll","background-type":"","background-media":"","overlay-type":"","overlay-color":"","overlay-gradient":""},"tablet":{"background-color":"var(--ast-global-color-5)","background-image":"","background-repeat":"repeat","background-position":"center center","background-size":"auto","background-attachment":"scroll","background-type":"","background-media":"","overlay-type":"","overlay-color":"","overlay-gradient":""},"mobile":{"background-color":"var(--ast-global-color-5)","background-image":"","background-repeat":"repeat","background-position":"center center","background-size":"auto","background-attachment":"scroll","background-type":"","background-media":"","overlay-type":"","overlay-color":"","overlay-gradient":""}},"footnotes":""},"class_list":["post-25","page","type-page","status-publish","hentry"],"_links":{"self":[{"href":"https:\/\/goofy-sammet.94-130-144-123.plesk.page\/index.php?rest_route=\/wp\/v2\/pages\/25","targetHints":{"allow":["GET"]}}],"collection":[{"href":"https:\/\/goofy-sammet.94-130-144-123.plesk.page\/index.php?rest_route=\/wp\/v2\/pages"}],"about":[{"href":"https:\/\/goofy-sammet.94-130-144-123.plesk.page\/index.php?rest_route=\/wp\/v2\/types\/page"}],"author":[{"embeddable":true,"href":"https:\/\/goofy-sammet.94-130-144-123.plesk.page\/index.php?rest_route=\/wp\/v2\/users\/1"}],"replies":[{"embeddable":true,"href":"https:\/\/goofy-sammet.94-130-144-123.plesk.page\/index.php?rest_route=%2Fwp%2Fv2%2Fcomments&post=25"}],"version-history":[{"count":24,"href":"https:\/\/goofy-sammet.94-130-144-123.plesk.page\/index.php?rest_route=\/wp\/v2\/pages\/25\/revisions"}],"predecessor-version":[{"id":882,"href":"https:\/\/goofy-sammet.94-130-144-123.plesk.page\/index.php?rest_route=\/wp\/v2\/pages\/25\/revisions\/882"}],"wp:attachment":[{"href":"https:\/\/goofy-sammet.94-130-144-123.plesk.page\/index.php?rest_route=%2Fwp%2Fv2%2Fmedia&parent=25"}],"curies":[{"name":"wp","href":"https:\/\/api.w.org\/{rel}","templated":true}]}}